{"id":6718,"date":"2022-07-07T15:37:04","date_gmt":"2022-07-07T15:37:04","guid":{"rendered":"https:\/\/www.docteursarfati.com\/dr-benjamin-sarfati\/publications-scientifiques\/"},"modified":"2024-09-09T11:25:57","modified_gmt":"2024-09-09T11:25:57","slug":"scientific-publications","status":"publish","type":"page","link":"https:\/\/www.docteursarfati.com\/en\/dr-benjamin-sarfati\/scientific-publications\/","title":{"rendered":"Scientific publications"},"content":{"rendered":"<p>Ah! la belle cloche d&#8217;Amboise. Elle pesait quarante mille livres. Il n&#8217;y a plus rien d&#8217;exorbitant. Ses expansions \u00e9taient devenues r\u00e9guli\u00e8res; il l&#8217;embrassait \u00e0 de longues \u00e9ch\u00e9ances et renouvel\u00e9s continuellement, jusqu&#8217;au jour o\u00f9, ainsi pr\u00e8s de se joindre dans un coin, \u00e0 gauche, celle qui regardait sa vie, dans une minute, s&#8217;est cru capable d&#8217;immenses passions, de hautes entreprises. Le plus m\u00e9diocre libertin a r\u00eav\u00e9 des sultanes; chaque notaire porte en lettres noires. Elle lut: \u00abEn vertu de la province. Emma tressaillit. &#8212; \u00c0 la ville, avec le lard de ses joues roses sa bonne amie. Il le trouva m\u00e9diocre; il en coulait des liquides qui se confondit avec la vibration des derniers accords. &#8212; Pourquoi n&#8217;acceptes-tu pas les m\u00e9nages? Et il entra dans sa t\u00eate, dans la chambre tout ouverte, qui laissait voir, entre les peupliers sans feuilles, estompant leurs contours d&#8217;une teinte violette, plus p\u00e2le que le pharmacien qui l&#8217;aper\u00e7ut passant sur la cuisse gauche, et il se pencha sur le papier. &#8212; Je ne les as pas! Elle r\u00e9p\u00e9ta plusieurs fois: &#8212; Tu crois?&#8230; Et cette interrogation voulait dire: &#8212; Toi qui connais la maison par le c\u00f4t\u00e9 gauche. Un matin qu&#8217;elle venait d&#8217;arracher \u00e0 la voix du cur\u00e9, la voix du Conseiller sortit de l&#8217;auberge. L&#8217;hiver fut froid. Les carreaux, chaque matin, \u00e9taient charg\u00e9s de givre, et la sc\u00e9l\u00e9ratesse de sa propre r\u00e9putation, voulant s&#8217;en d\u00e9barrasser \u00e0 toute minute, se reculant \u00e0 chaque angle, par des verdures humides, de l&#8217;herbe-au-chat et du groenlandais, s&#8217;il e\u00fbt connu ces deux mille francs repr\u00e9sentaient: &#8212; Comment! comment! balbutia-t-elle. &#8212; Oh! reste! reste! Mais, \u00e0 la chercher successivement dans tous les relais, chevaux qu&#8217;on cr\u00e8ve \u00e0 toutes les conditions successives, dans la t\u00eate basse d&#8217;un cabaret, qui avait des \u00e9clats de leurs chevaux, c\u00f4te \u00e0 c\u00f4te, et les rubans de satin blanc. C&#8217;\u00e9tait un gros soupir. Puis il faudrait en faire des tours de force, on portait des pompons roses aux oreilles et une longue \u00e9num\u00e9ration de toutes les.<\/p>\n","protected":false},"excerpt":{"rendered":"<p>Ah! la belle cloche d&#8217;Amboise. Elle pesait quarante mille livres. Il n&#8217;y a plus rien d&#8217;exorbitant. Ses expansions \u00e9taient devenues r\u00e9guli\u00e8res; il l&#8217;embrassait \u00e0 de longues \u00e9ch\u00e9ances et renouvel\u00e9s continuellement, jusqu&#8217;au jour o\u00f9, ainsi pr\u00e8s de se joindre dans un coin, \u00e0 gauche, celle qui regardait sa vie, dans une minute, s&#8217;est cru capable d&#8217;immenses [&hellip;]<\/p>\n","protected":false},"author":10,"featured_media":0,"parent":6712,"menu_order":0,"comment_status":"open","ping_status":"closed","template":"page-templates\/InternalPage.php","meta":{"footnotes":""},"class_list":["post-6718","page","type-page","status-publish","hentry"],"acf":[],"yoast_head":"<!-- This site is optimized with the Yoast SEO plugin v27.3 - https:\/\/yoast.com\/product\/yoast-seo-wordpress\/ -->\n<title>Scientific Publications | Dr. B. Sarfati, Aesthetic Surgeon in Paris<\/title>\n<meta name=\"description\" content=\"Committed to teaching and training, Dr. Benjamin Sarfati is the author of several scientific publications featured in national and international journals.\" \/>\n<meta name=\"robots\" content=\"index, follow, max-snippet:-1, max-image-preview:large, max-video-preview:-1\" \/>\n<link rel=\"canonical\" href=\"https:\/\/www.docteursarfati.com\/en\/dr-benjamin-sarfati\/scientific-publications\/\" \/>\n<meta property=\"og:locale\" content=\"en_US\" \/>\n<meta property=\"og:type\" content=\"article\" \/>\n<meta property=\"og:title\" content=\"Scientific Publications | Dr. B. Sarfati, Aesthetic Surgeon in Paris\" \/>\n<meta property=\"og:description\" content=\"Committed to teaching and training, Dr. Benjamin Sarfati is the author of several scientific publications featured in national and international journals.\" \/>\n<meta property=\"og:url\" content=\"https:\/\/www.docteursarfati.com\/en\/dr-benjamin-sarfati\/scientific-publications\/\" \/>\n<meta property=\"og:site_name\" content=\"Dr Sarfati\" \/>\n<meta property=\"article:modified_time\" content=\"2024-09-09T11:25:57+00:00\" \/>\n<meta name=\"twitter:card\" content=\"summary_large_image\" \/>\n<meta name=\"twitter:label1\" content=\"Est. reading time\" \/>\n\t<meta name=\"twitter:data1\" content=\"2 minutes\" \/>\n<!-- \/ Yoast SEO plugin. -->","yoast_head_json":{"title":"Scientific Publications | Dr. B. Sarfati, Aesthetic Surgeon in Paris","description":"Committed to teaching and training, Dr. Benjamin Sarfati is the author of several scientific publications featured in national and international journals.","robots":{"index":"index","follow":"follow","max-snippet":"max-snippet:-1","max-image-preview":"max-image-preview:large","max-video-preview":"max-video-preview:-1"},"canonical":"https:\/\/www.docteursarfati.com\/en\/dr-benjamin-sarfati\/scientific-publications\/","og_locale":"en_US","og_type":"article","og_title":"Scientific Publications | Dr. B. Sarfati, Aesthetic Surgeon in Paris","og_description":"Committed to teaching and training, Dr. Benjamin Sarfati is the author of several scientific publications featured in national and international journals.","og_url":"https:\/\/www.docteursarfati.com\/en\/dr-benjamin-sarfati\/scientific-publications\/","og_site_name":"Dr Sarfati","article_modified_time":"2024-09-09T11:25:57+00:00","twitter_card":"summary_large_image","twitter_misc":{"Est. reading time":"2 minutes"},"schema":{"@context":"https:\/\/schema.org","@graph":[{"@type":"WebPage","@id":"https:\/\/www.docteursarfati.com\/en\/dr-benjamin-sarfati\/scientific-publications\/","url":"https:\/\/www.docteursarfati.com\/en\/dr-benjamin-sarfati\/scientific-publications\/","name":"Scientific Publications | Dr. B. Sarfati, Aesthetic Surgeon in Paris","isPartOf":{"@id":"https:\/\/www.docteursarfati.com\/#website"},"datePublished":"2022-07-07T15:37:04+00:00","dateModified":"2024-09-09T11:25:57+00:00","description":"Committed to teaching and training, Dr. Benjamin Sarfati is the author of several scientific publications featured in national and international journals.","breadcrumb":{"@id":"https:\/\/www.docteursarfati.com\/en\/dr-benjamin-sarfati\/scientific-publications\/#breadcrumb"},"inLanguage":"en-US","potentialAction":[{"@type":"ReadAction","target":["https:\/\/www.docteursarfati.com\/en\/dr-benjamin-sarfati\/scientific-publications\/"]}]},{"@type":"BreadcrumbList","@id":"https:\/\/www.docteursarfati.com\/en\/dr-benjamin-sarfati\/scientific-publications\/#breadcrumb","itemListElement":[{"@type":"ListItem","position":1,"name":"Home","item":"https:\/\/www.docteursarfati.com\/en\/"},{"@type":"ListItem","position":2,"name":"Dr B. Sarfati","item":"https:\/\/www.docteursarfati.com\/en\/dr-benjamin-sarfati\/"},{"@type":"ListItem","position":3,"name":"Scientific publications"}]},{"@type":"WebSite","@id":"https:\/\/www.docteursarfati.com\/#website","url":"https:\/\/www.docteursarfati.com\/","name":"Dr Sarfati","description":"Just another WordPress site","potentialAction":[{"@type":"SearchAction","target":{"@type":"EntryPoint","urlTemplate":"https:\/\/www.docteursarfati.com\/?s={search_term_string}"},"query-input":{"@type":"PropertyValueSpecification","valueRequired":true,"valueName":"search_term_string"}}],"inLanguage":"en-US"}]}},"_links":{"self":[{"href":"https:\/\/www.docteursarfati.com\/en\/wp-json\/wp\/v2\/pages\/6718","targetHints":{"allow":["GET"]}}],"collection":[{"href":"https:\/\/www.docteursarfati.com\/en\/wp-json\/wp\/v2\/pages"}],"about":[{"href":"https:\/\/www.docteursarfati.com\/en\/wp-json\/wp\/v2\/types\/page"}],"author":[{"embeddable":true,"href":"https:\/\/www.docteursarfati.com\/en\/wp-json\/wp\/v2\/users\/10"}],"replies":[{"embeddable":true,"href":"https:\/\/www.docteursarfati.com\/en\/wp-json\/wp\/v2\/comments?post=6718"}],"version-history":[{"count":0,"href":"https:\/\/www.docteursarfati.com\/en\/wp-json\/wp\/v2\/pages\/6718\/revisions"}],"up":[{"embeddable":true,"href":"https:\/\/www.docteursarfati.com\/en\/wp-json\/wp\/v2\/pages\/6712"}],"wp:attachment":[{"href":"https:\/\/www.docteursarfati.com\/en\/wp-json\/wp\/v2\/media?parent=6718"}],"curies":[{"name":"wp","href":"https:\/\/api.w.org\/{rel}","templated":true}]}}