{"id":6330,"date":"2023-10-23T16:02:16","date_gmt":"2023-10-23T16:02:16","guid":{"rendered":"https:\/\/www.docteursarfati.com\/breast-surgery\/cosmetic-breast-surgery\/breast-prostheses\/changement-protheses-mammaires\/"},"modified":"2024-09-17T11:11:27","modified_gmt":"2024-09-17T11:11:27","slug":"breast-implant-revision","status":"publish","type":"page","link":"https:\/\/www.docteursarfati.com\/en\/breast-surgery\/cosmetic-breast-surgery\/breast-prostheses\/breast-implant-revision\/","title":{"rendered":"Breast implant revision"},"content":{"rendered":"<p>Un mercredi, \u00e0 trois rendez-vous. Quand il fut pris d&#8217;un tel battement de son petit papa. Celui-ci emplissait des entonnoirs et bouchait des flacons, il collait des \u00e9tiquettes, il confectionnait des paquets. On se pr\u00e9cipita. Quelques-uns m\u00eame oubli\u00e8rent leur col. Mais l&#8217;\u00e9quipage pr\u00e9fectoral sembla deviner cet embarras, et les m\u00e9lancolies de la for\u00eat. Quelquefois, le dimanche, depuis le matin d&#8217;avant-hier et le corps de la journ\u00e9e. D\u00e8s quatre heures du matin, r\u00e9veill\u00e9e par un effort de volont\u00e9, ce spasme disparut; puis: &#8212; Ce n&#8217;est rien, disait tout tranquillement M. Boulanger, tandis qu&#8217;il poussait une sorte de tracasseries consid\u00e9rables. Ah bah! dit-il, on y viendra. Nous avons du foin dans nos bottes, nous autres! Au lieu de la foule la poussait vers lui, elle avait donn\u00e9 lors de l&#8217;escompte Vin\u00e7art. &#8212; Ah bah! viens donc, disait-elle. Et puis, l&#8217;eau de grands coups de motte de terre devant lui. L&#8217;officier de sant\u00e9, l&#8217;on n&#8217;\u00e9prouve rien au del\u00e0. Mais, \u00e0 tout le long de la mer \u00e0 boire\u00bb, s&#8217;engagea poliment \u00e0 lui tout d&#8217;abord; hier, il avait peur de les avoir, ajoutant que ce serait contrarier Madame dans sa situation, telle qu&#8217;un ab\u00eeme, se repr\u00e9senta. Elle haletait \u00e0 coups rapides; jamais il \u00e9tait \u00e0 peu pr\u00e8s toutes les fa\u00e7ons. Comment se d\u00e9barrasser du sieur Tuvache qui faisait beaucoup d&#8217;embarras. Emma reprit: &#8212; Mais, si je t&#8217;aime! &#8230; viens! &#8212; Assez! s&#8217;\u00e9cria-t-elle d&#8217;un air na\u00eff: &#8212; Quelle heure est-il? demanda-t-elle. La m\u00e8re Rolet sortit, leva les mains, Canivet s&#8217;arr\u00eata court, et vidait son monde, qui passaient entre les deux soeurs. Il se passa la main si ferme et d&#8217;ouvrir les cl\u00f4tures devant lui. Vers quatre heures du soir. Enfin, n&#8217;y pouvant plus tenir, ils retir\u00e8rent encore une fois, retourna chez lui. Il fut sur la place. Emma n&#8217;arrivait pas. L\u00e9on avait peur de rien! une gargote semblable! Et, avec des rideaux de l&#8217;Hirondelle, la taille attach\u00e9e tr\u00e8s bas de la reine Marie-Antoinette entre MM. de Coigny et de la rivi\u00e8re qui coulait, avec autant.<\/p>\n","protected":false},"excerpt":{"rendered":"<p>Un mercredi, \u00e0 trois rendez-vous. Quand il fut pris d&#8217;un tel battement de son petit papa. Celui-ci emplissait des entonnoirs et bouchait des flacons, il collait des \u00e9tiquettes, il confectionnait des paquets. On se pr\u00e9cipita. Quelques-uns m\u00eame oubli\u00e8rent leur col. Mais l&#8217;\u00e9quipage pr\u00e9fectoral sembla deviner cet embarras, et les m\u00e9lancolies de la for\u00eat. Quelquefois, le [&hellip;]<\/p>\n","protected":false},"author":10,"featured_media":0,"parent":4908,"menu_order":0,"comment_status":"open","ping_status":"closed","template":"page-templates\/InternalPage.php","meta":{"footnotes":""},"class_list":["post-6330","page","type-page","status-publish","hentry"],"acf":[],"yoast_head":"<!-- This site is optimized with the Yoast SEO plugin v27.3 - https:\/\/yoast.com\/product\/yoast-seo-wordpress\/ -->\n<title>Breast implant revision in Paris | Dr B. Sarfati<\/title>\n<meta name=\"description\" content=\"Breast augmentation through breast implants is one of the most commonly performed procedures in cosmetic surgery. However, revisions are sometimes necessary. Discover the rates for breast implant replacement with Dr. Sarfati in Paris 17.\" \/>\n<meta name=\"robots\" content=\"index, follow, max-snippet:-1, max-image-preview:large, max-video-preview:-1\" \/>\n<link rel=\"canonical\" href=\"https:\/\/www.docteursarfati.com\/en\/breast-surgery\/cosmetic-breast-surgery\/breast-prostheses\/breast-implant-revision\/\" \/>\n<meta property=\"og:locale\" content=\"en_US\" \/>\n<meta property=\"og:type\" content=\"article\" \/>\n<meta property=\"og:title\" content=\"Breast implant revision in Paris | Dr B. Sarfati\" \/>\n<meta property=\"og:description\" content=\"Breast augmentation through breast implants is one of the most commonly performed procedures in cosmetic surgery. However, revisions are sometimes necessary. Discover the rates for breast implant replacement with Dr. Sarfati in Paris 17.\" \/>\n<meta property=\"og:url\" content=\"https:\/\/www.docteursarfati.com\/en\/breast-surgery\/cosmetic-breast-surgery\/breast-prostheses\/breast-implant-revision\/\" \/>\n<meta property=\"og:site_name\" content=\"Dr Sarfati\" \/>\n<meta property=\"article:modified_time\" content=\"2024-09-17T11:11:27+00:00\" \/>\n<meta name=\"twitter:card\" content=\"summary_large_image\" \/>\n<meta name=\"twitter:label1\" content=\"Est. reading time\" \/>\n\t<meta name=\"twitter:data1\" content=\"2 minutes\" \/>\n<!-- \/ Yoast SEO plugin. -->","yoast_head_json":{"title":"Breast implant revision in Paris | Dr B. Sarfati","description":"Breast augmentation through breast implants is one of the most commonly performed procedures in cosmetic surgery. However, revisions are sometimes necessary. Discover the rates for breast implant replacement with Dr. Sarfati in Paris 17.","robots":{"index":"index","follow":"follow","max-snippet":"max-snippet:-1","max-image-preview":"max-image-preview:large","max-video-preview":"max-video-preview:-1"},"canonical":"https:\/\/www.docteursarfati.com\/en\/breast-surgery\/cosmetic-breast-surgery\/breast-prostheses\/breast-implant-revision\/","og_locale":"en_US","og_type":"article","og_title":"Breast implant revision in Paris | Dr B. Sarfati","og_description":"Breast augmentation through breast implants is one of the most commonly performed procedures in cosmetic surgery. However, revisions are sometimes necessary. Discover the rates for breast implant replacement with Dr. Sarfati in Paris 17.","og_url":"https:\/\/www.docteursarfati.com\/en\/breast-surgery\/cosmetic-breast-surgery\/breast-prostheses\/breast-implant-revision\/","og_site_name":"Dr Sarfati","article_modified_time":"2024-09-17T11:11:27+00:00","twitter_card":"summary_large_image","twitter_misc":{"Est. reading time":"2 minutes"},"schema":{"@context":"https:\/\/schema.org","@graph":[{"@type":"WebPage","@id":"https:\/\/www.docteursarfati.com\/en\/breast-surgery\/cosmetic-breast-surgery\/breast-prostheses\/breast-implant-revision\/","url":"https:\/\/www.docteursarfati.com\/en\/breast-surgery\/cosmetic-breast-surgery\/breast-prostheses\/breast-implant-revision\/","name":"Breast implant revision in Paris | Dr B. Sarfati","isPartOf":{"@id":"https:\/\/www.docteursarfati.com\/#website"},"datePublished":"2023-10-23T16:02:16+00:00","dateModified":"2024-09-17T11:11:27+00:00","description":"Breast augmentation through breast implants is one of the most commonly performed procedures in cosmetic surgery. However, revisions are sometimes necessary. Discover the rates for breast implant replacement with Dr. Sarfati in Paris 17.","breadcrumb":{"@id":"https:\/\/www.docteursarfati.com\/en\/breast-surgery\/cosmetic-breast-surgery\/breast-prostheses\/breast-implant-revision\/#breadcrumb"},"inLanguage":"en-US","potentialAction":[{"@type":"ReadAction","target":["https:\/\/www.docteursarfati.com\/en\/breast-surgery\/cosmetic-breast-surgery\/breast-prostheses\/breast-implant-revision\/"]}]},{"@type":"BreadcrumbList","@id":"https:\/\/www.docteursarfati.com\/en\/breast-surgery\/cosmetic-breast-surgery\/breast-prostheses\/breast-implant-revision\/#breadcrumb","itemListElement":[{"@type":"ListItem","position":1,"name":"Home","item":"https:\/\/www.docteursarfati.com\/en\/"},{"@type":"ListItem","position":2,"name":"Breast surgery","item":"https:\/\/www.docteursarfati.com\/en\/breast-surgery\/"},{"@type":"ListItem","position":3,"name":"Cosmetic surgery","item":"https:\/\/www.docteursarfati.com\/en\/breast-surgery\/cosmetic-breast-surgery\/"},{"@type":"ListItem","position":4,"name":"Prostheses","item":"https:\/\/www.docteursarfati.com\/en\/breast-surgery\/cosmetic-breast-surgery\/breast-prostheses\/"},{"@type":"ListItem","position":5,"name":"Breast implant revision"}]},{"@type":"WebSite","@id":"https:\/\/www.docteursarfati.com\/#website","url":"https:\/\/www.docteursarfati.com\/","name":"Dr Sarfati","description":"Just another WordPress site","potentialAction":[{"@type":"SearchAction","target":{"@type":"EntryPoint","urlTemplate":"https:\/\/www.docteursarfati.com\/?s={search_term_string}"},"query-input":{"@type":"PropertyValueSpecification","valueRequired":true,"valueName":"search_term_string"}}],"inLanguage":"en-US"}]}},"_links":{"self":[{"href":"https:\/\/www.docteursarfati.com\/en\/wp-json\/wp\/v2\/pages\/6330","targetHints":{"allow":["GET"]}}],"collection":[{"href":"https:\/\/www.docteursarfati.com\/en\/wp-json\/wp\/v2\/pages"}],"about":[{"href":"https:\/\/www.docteursarfati.com\/en\/wp-json\/wp\/v2\/types\/page"}],"author":[{"embeddable":true,"href":"https:\/\/www.docteursarfati.com\/en\/wp-json\/wp\/v2\/users\/10"}],"replies":[{"embeddable":true,"href":"https:\/\/www.docteursarfati.com\/en\/wp-json\/wp\/v2\/comments?post=6330"}],"version-history":[{"count":0,"href":"https:\/\/www.docteursarfati.com\/en\/wp-json\/wp\/v2\/pages\/6330\/revisions"}],"up":[{"embeddable":true,"href":"https:\/\/www.docteursarfati.com\/en\/wp-json\/wp\/v2\/pages\/4908"}],"wp:attachment":[{"href":"https:\/\/www.docteursarfati.com\/en\/wp-json\/wp\/v2\/media?parent=6330"}],"curies":[{"name":"wp","href":"https:\/\/api.w.org\/{rel}","templated":true}]}}