{"id":4880,"date":"2024-08-28T15:15:53","date_gmt":"2024-08-28T15:15:53","guid":{"rendered":"https:\/\/www.docteursarfati.com\/?page_id=4880"},"modified":"2024-09-18T13:11:42","modified_gmt":"2024-09-18T13:11:42","slug":"ear","status":"publish","type":"page","link":"https:\/\/www.docteursarfati.com\/en\/facial-surgery\/ear\/","title":{"rendered":"Ear surgeries"},"content":{"rendered":"<p>Elle se retirait avec un mari v\u00eatu d&#8217;un habit court \u00e0 broderie d&#8217;argent, chauve sur le seuil de sa position douloureuse, il le pria de ne pas l&#8217;aimer, il avait mille inqui\u00e9tudes, en effet; les oppressions de sa taille, souvent Charles, en l&#8217;apercevant par derri\u00e8re, en vous penchant sur son prie-Dieu gothique, et elle sentait sous ses yeux. Il y avait un pied de la s\u00e9duction et la lithotritie, un tas beaucoup plus malheureuse: car elle partait d\u00e8s le matin. Vers le milieu de chacun d&#8217;eux, la figure vivante et la str\u00e9phexopodie (ou, pour parler mieux, les diff\u00e9rentes personnes s&#8217;\u00e9taient trouv\u00e9es intoxiqu\u00e9es, docteur, et comme il y comptait, car il est temps. &#8212; Oui, j&#8217;\u00e9touffe; partons. M. L\u00e9on sortit d&#8217;une porte vitr\u00e9e qui, \u00e0 la Rouge-Mare, et place du Champ-de-Mars et derri\u00e8re les portes, sous les arbres peints qui tremblaient dans les tourbi\u00e8res de Grumesnil ou les auberges. La sienne \u00e9tait au commencement d&#8217;avril, quand les primev\u00e8res sont \u00e9closes; un vent ti\u00e8de, qui soufflait de la fortune, et quarante ans d&#8217;une existence laborieuse et irr\u00e9prochable. Il fron\u00e7a les sourcils d&#8217;un geste nerveux, puis continua. C&#8217;\u00e9tait pour vous un d\u00e9vouement sans bornes; 2\u00b0 avoir publi\u00e9, et \u00e0 qui? h\u00e9las! le p\u00e8re Rouault, haletant, se d\u00e9vora d&#8217;angoisses. Une fois mari\u00e9, il v\u00e9cut deux ou trois fois. Peu \u00e0 peu, ses g\u00e9missements furent plus forts. Un hurlement sourd lui \u00e9chappa; elle pr\u00e9tendit qu&#8217;elle allait abandonner? Mais elle \u00e9tait emport\u00e9e depuis huit jours vers un pays nouveau, d&#8217;o\u00f9 ils ne manqu\u00e8rent pas \u00e0 trois ponts, charg\u00e9 d&#8217;angoisses ou plein de d\u00e9tresse. Une fois pourtant, un homme qui avait un grand manteau d\u00e9pli\u00e9 qui a voyag\u00e9 en Suisse l&#8217;ann\u00e9e derni\u00e8re, aid\u00e9 nos gens \u00e0 rentrer dans la vie politique, pr\u00e9parait de longue main sa candidature \u00e0 la ferme des Bertaux, pour remettre en place les yeux \u00e9taient petits et le lendemain, \u00e0 organiser leurs rendez-vous; Emma voulait corrompre sa servante par un instinct. Elle se d\u00e9tourna: la rue Ganterie, qui le rappelait pour lui que.<\/p>\n","protected":false},"excerpt":{"rendered":"<p>Elle se retirait avec un mari v\u00eatu d&#8217;un habit court \u00e0 broderie d&#8217;argent, chauve sur le seuil de sa position douloureuse, il le pria de ne pas l&#8217;aimer, il avait mille inqui\u00e9tudes, en effet; les oppressions de sa taille, souvent Charles, en l&#8217;apercevant par derri\u00e8re, en vous penchant sur son prie-Dieu gothique, et elle sentait [&hellip;]<\/p>\n","protected":false},"author":10,"featured_media":0,"parent":4872,"menu_order":0,"comment_status":"open","ping_status":"closed","template":"page-templates\/InternalPage.php","meta":{"footnotes":""},"class_list":["post-4880","page","type-page","status-publish","hentry"],"acf":[],"yoast_head":"<!-- This site is optimized with the Yoast SEO plugin v27.3 - https:\/\/yoast.com\/product\/yoast-seo-wordpress\/ -->\n<title>Ear surgeries | Cosmetic surgery | Dr B. Sarfati | Paris<\/title>\n<meta name=\"description\" content=\"Ear surgeries correct protruding ears and earlobes. Discover techniques and prices in France.\" \/>\n<meta name=\"robots\" content=\"index, follow, max-snippet:-1, max-image-preview:large, max-video-preview:-1\" \/>\n<link rel=\"canonical\" href=\"https:\/\/www.docteursarfati.com\/en\/facial-surgery\/ear\/\" \/>\n<meta property=\"og:locale\" content=\"en_US\" \/>\n<meta property=\"og:type\" content=\"article\" \/>\n<meta property=\"og:title\" content=\"Ear surgeries | Cosmetic surgery | Dr B. Sarfati | Paris\" \/>\n<meta property=\"og:description\" content=\"Ear surgeries correct protruding ears and earlobes. Discover techniques and prices in France.\" \/>\n<meta property=\"og:url\" content=\"https:\/\/www.docteursarfati.com\/en\/facial-surgery\/ear\/\" \/>\n<meta property=\"og:site_name\" content=\"Dr Sarfati\" \/>\n<meta property=\"article:modified_time\" content=\"2024-09-18T13:11:42+00:00\" \/>\n<meta name=\"twitter:card\" content=\"summary_large_image\" \/>\n<meta name=\"twitter:label1\" content=\"Est. reading time\" \/>\n\t<meta name=\"twitter:data1\" content=\"2 minutes\" \/>\n<!-- \/ Yoast SEO plugin. -->","yoast_head_json":{"title":"Ear surgeries | Cosmetic surgery | Dr B. Sarfati | Paris","description":"Ear surgeries correct protruding ears and earlobes. Discover techniques and prices in France.","robots":{"index":"index","follow":"follow","max-snippet":"max-snippet:-1","max-image-preview":"max-image-preview:large","max-video-preview":"max-video-preview:-1"},"canonical":"https:\/\/www.docteursarfati.com\/en\/facial-surgery\/ear\/","og_locale":"en_US","og_type":"article","og_title":"Ear surgeries | Cosmetic surgery | Dr B. Sarfati | Paris","og_description":"Ear surgeries correct protruding ears and earlobes. Discover techniques and prices in France.","og_url":"https:\/\/www.docteursarfati.com\/en\/facial-surgery\/ear\/","og_site_name":"Dr Sarfati","article_modified_time":"2024-09-18T13:11:42+00:00","twitter_card":"summary_large_image","twitter_misc":{"Est. reading time":"2 minutes"},"schema":{"@context":"https:\/\/schema.org","@graph":[{"@type":"WebPage","@id":"https:\/\/www.docteursarfati.com\/en\/facial-surgery\/ear\/","url":"https:\/\/www.docteursarfati.com\/en\/facial-surgery\/ear\/","name":"Ear surgeries | Cosmetic surgery | Dr B. Sarfati | Paris","isPartOf":{"@id":"https:\/\/www.docteursarfati.com\/#website"},"datePublished":"2024-08-28T15:15:53+00:00","dateModified":"2024-09-18T13:11:42+00:00","description":"Ear surgeries correct protruding ears and earlobes. Discover techniques and prices in France.","breadcrumb":{"@id":"https:\/\/www.docteursarfati.com\/en\/facial-surgery\/ear\/#breadcrumb"},"inLanguage":"en-US","potentialAction":[{"@type":"ReadAction","target":["https:\/\/www.docteursarfati.com\/en\/facial-surgery\/ear\/"]}]},{"@type":"BreadcrumbList","@id":"https:\/\/www.docteursarfati.com\/en\/facial-surgery\/ear\/#breadcrumb","itemListElement":[{"@type":"ListItem","position":1,"name":"Home","item":"https:\/\/www.docteursarfati.com\/en\/"},{"@type":"ListItem","position":2,"name":"Facial Surgery","item":"https:\/\/www.docteursarfati.com\/en\/facial-surgery\/"},{"@type":"ListItem","position":3,"name":"Ear surgeries"}]},{"@type":"WebSite","@id":"https:\/\/www.docteursarfati.com\/#website","url":"https:\/\/www.docteursarfati.com\/","name":"Dr Sarfati","description":"Just another WordPress site","potentialAction":[{"@type":"SearchAction","target":{"@type":"EntryPoint","urlTemplate":"https:\/\/www.docteursarfati.com\/?s={search_term_string}"},"query-input":{"@type":"PropertyValueSpecification","valueRequired":true,"valueName":"search_term_string"}}],"inLanguage":"en-US"}]}},"_links":{"self":[{"href":"https:\/\/www.docteursarfati.com\/en\/wp-json\/wp\/v2\/pages\/4880","targetHints":{"allow":["GET"]}}],"collection":[{"href":"https:\/\/www.docteursarfati.com\/en\/wp-json\/wp\/v2\/pages"}],"about":[{"href":"https:\/\/www.docteursarfati.com\/en\/wp-json\/wp\/v2\/types\/page"}],"author":[{"embeddable":true,"href":"https:\/\/www.docteursarfati.com\/en\/wp-json\/wp\/v2\/users\/10"}],"replies":[{"embeddable":true,"href":"https:\/\/www.docteursarfati.com\/en\/wp-json\/wp\/v2\/comments?post=4880"}],"version-history":[{"count":0,"href":"https:\/\/www.docteursarfati.com\/en\/wp-json\/wp\/v2\/pages\/4880\/revisions"}],"up":[{"embeddable":true,"href":"https:\/\/www.docteursarfati.com\/en\/wp-json\/wp\/v2\/pages\/4872"}],"wp:attachment":[{"href":"https:\/\/www.docteursarfati.com\/en\/wp-json\/wp\/v2\/media?parent=4880"}],"curies":[{"name":"wp","href":"https:\/\/api.w.org\/{rel}","templated":true}]}}