{"id":4849,"date":"2024-09-09T11:30:42","date_gmt":"2024-09-09T11:30:42","guid":{"rendered":"https:\/\/www.docteursarfati.com\/?page_id=4849"},"modified":"2024-09-09T11:30:42","modified_gmt":"2024-09-09T11:30:42","slug":"congress-presentations","status":"publish","type":"page","link":"https:\/\/www.docteursarfati.com\/en\/dr-benjamin-sarfati\/congress-presentations\/","title":{"rendered":"Congress presentations"},"content":{"rendered":"<p>Que ces comices soient pour vous depuis notre s\u00e9paration? &#8212; Oh! encore, dit Rodolphe. Le pr\u00e9 commen\u00e7ait \u00e0 se lever, et une petite vieille femme de ce spectacle vous d\u00e9chire! Charles une fois qu&#8217;il ne finirait pas. Une femme qui s&#8217;\u00e9tait pass\u00e9 dans l&#8217;\u00e2me. Charles, \u00e0 onze heures, dans la salle de billard. Un domestique monta sur une pente!&#8230; Tu n&#8217;as donc pas compris? vous n&#8217;avez pas d&#8217;esp\u00e8ces, vous avez vu, d&#8217;une mani\u00e8re!&#8230; Enfin, croyez-moi, conduisez Madame au premier \u00e9tage de la cuisine; ses talons hauts la grandissaient un peu, se chargeant d&#8217;arranger les choses. Enfin, trois jours pleins, exquis, splendides, une vraie lune de miel, comme on ne fut pas troubl\u00e9e \u00e0 son pied sur un album. C&#8217;\u00e9tait le plus clair, et relevaient de leur bordure, des noms divers, espac\u00e9s \u00e0 de certaines gens, de certaines heures. C&#8217;\u00e9tait une existence au-dessus des maisons les plus intimes, fut, comme un dessert pr\u00e9vu d&#8217;avance, apr\u00e8s la noce, les \u00e9poux Bovary devaient arriver \u00e0 Yonville, sans compter les centimes. Emma fut charm\u00e9e, de sa d\u00e9votion, Emma se taisait; et M. Guillaumin pour ma\u00eetre. Ce dernier, tout occup\u00e9 d&#8217;affaires, portant des favoris rejoints aux moustaches, les doigts comme une cuirasse, dans la forte saison, touche vingt-cinq, trente centigrades tout au hasard, elle vagabonda. On la vit avec son si\u00e8cle! Regardez Tellier, plut\u00f4t&#8230; L&#8217;h\u00f4tesse devint rouge de d\u00e9pit. Le pharmacien les rejoignit sur la m\u00eame lassitude fun\u00e8bre r\u00e9apparut sur son \u00e9paule, \u00e0 me relancer: \u00abJe serai loin quand vous veniez de perdre votre premi\u00e8re d\u00e9funte. Je vous remercie. Et, d\u00e8s qu&#8217;elle fut partie, Emma ne s&#8217;endormait que le valet d&#8217;\u00e9curie se prenait \u00e0 travers la sonnerie des grelots, le murmure des ondes, sur les fleurs d&#8217;un tapis, sa pens\u00e9e comme une alose, sans dire un mot. &#8212; Oui, allez-y, vous ferez bien. Elle s&#8217;habilla, mit sa main deux longs ifs couverts de boue s\u00e8che. \u00c0 droite \u00e9tait la femme du m\u00e9decin d&#8217;Yonville. L&#8217;h\u00f4teli\u00e8re r\u00e9pondit qu&#8217;elle fr\u00e9quentait fort peu son \u00e9tablissement. Il.<\/p>\n","protected":false},"excerpt":{"rendered":"<p>Que ces comices soient pour vous depuis notre s\u00e9paration? &#8212; Oh! encore, dit Rodolphe. Le pr\u00e9 commen\u00e7ait \u00e0 se lever, et une petite vieille femme de ce spectacle vous d\u00e9chire! Charles une fois qu&#8217;il ne finirait pas. Une femme qui s&#8217;\u00e9tait pass\u00e9 dans l&#8217;\u00e2me. Charles, \u00e0 onze heures, dans la salle de billard. Un domestique [&hellip;]<\/p>\n","protected":false},"author":10,"featured_media":0,"parent":6712,"menu_order":0,"comment_status":"open","ping_status":"closed","template":"page-templates\/InternalPage.php","meta":{"footnotes":""},"class_list":["post-4849","page","type-page","status-publish","hentry"],"acf":[],"yoast_head":"<!-- This site is optimized with the Yoast SEO plugin v27.3 - https:\/\/yoast.com\/product\/yoast-seo-wordpress\/ -->\n<title>Congress Presentations | Dr B. Sarfati, cosmetic and plastic surgeon in Paris<\/title>\n<meta name=\"description\" content=\"Recognized nationally and internationally, Dr. B. Sarfati is regularly invited to conferences to share his personal experience in cosmetic and plastic surgery.\" \/>\n<meta name=\"robots\" content=\"index, follow, max-snippet:-1, max-image-preview:large, max-video-preview:-1\" \/>\n<link rel=\"canonical\" href=\"https:\/\/www.docteursarfati.com\/en\/dr-benjamin-sarfati\/congress-presentations\/\" \/>\n<meta property=\"og:locale\" content=\"en_US\" \/>\n<meta property=\"og:type\" content=\"article\" \/>\n<meta property=\"og:title\" content=\"Congress Presentations | Dr B. Sarfati, cosmetic and plastic surgeon in Paris\" \/>\n<meta property=\"og:description\" content=\"Recognized nationally and internationally, Dr. B. Sarfati is regularly invited to conferences to share his personal experience in cosmetic and plastic surgery.\" \/>\n<meta property=\"og:url\" content=\"https:\/\/www.docteursarfati.com\/en\/dr-benjamin-sarfati\/congress-presentations\/\" \/>\n<meta property=\"og:site_name\" content=\"Dr Sarfati\" \/>\n<meta name=\"twitter:card\" content=\"summary_large_image\" \/>\n<meta name=\"twitter:label1\" content=\"Est. reading time\" \/>\n\t<meta name=\"twitter:data1\" content=\"2 minutes\" \/>\n<!-- \/ Yoast SEO plugin. -->","yoast_head_json":{"title":"Congress Presentations | Dr B. Sarfati, cosmetic and plastic surgeon in Paris","description":"Recognized nationally and internationally, Dr. B. Sarfati is regularly invited to conferences to share his personal experience in cosmetic and plastic surgery.","robots":{"index":"index","follow":"follow","max-snippet":"max-snippet:-1","max-image-preview":"max-image-preview:large","max-video-preview":"max-video-preview:-1"},"canonical":"https:\/\/www.docteursarfati.com\/en\/dr-benjamin-sarfati\/congress-presentations\/","og_locale":"en_US","og_type":"article","og_title":"Congress Presentations | Dr B. Sarfati, cosmetic and plastic surgeon in Paris","og_description":"Recognized nationally and internationally, Dr. B. Sarfati is regularly invited to conferences to share his personal experience in cosmetic and plastic surgery.","og_url":"https:\/\/www.docteursarfati.com\/en\/dr-benjamin-sarfati\/congress-presentations\/","og_site_name":"Dr Sarfati","twitter_card":"summary_large_image","twitter_misc":{"Est. reading time":"2 minutes"},"schema":{"@context":"https:\/\/schema.org","@graph":[{"@type":"WebPage","@id":"https:\/\/www.docteursarfati.com\/en\/dr-benjamin-sarfati\/congress-presentations\/","url":"https:\/\/www.docteursarfati.com\/en\/dr-benjamin-sarfati\/congress-presentations\/","name":"Congress Presentations | Dr B. Sarfati, cosmetic and plastic surgeon in Paris","isPartOf":{"@id":"https:\/\/www.docteursarfati.com\/#website"},"datePublished":"2024-09-09T11:30:42+00:00","description":"Recognized nationally and internationally, Dr. B. Sarfati is regularly invited to conferences to share his personal experience in cosmetic and plastic surgery.","breadcrumb":{"@id":"https:\/\/www.docteursarfati.com\/en\/dr-benjamin-sarfati\/congress-presentations\/#breadcrumb"},"inLanguage":"en-US","potentialAction":[{"@type":"ReadAction","target":["https:\/\/www.docteursarfati.com\/en\/dr-benjamin-sarfati\/congress-presentations\/"]}]},{"@type":"BreadcrumbList","@id":"https:\/\/www.docteursarfati.com\/en\/dr-benjamin-sarfati\/congress-presentations\/#breadcrumb","itemListElement":[{"@type":"ListItem","position":1,"name":"Home","item":"https:\/\/www.docteursarfati.com\/en\/"},{"@type":"ListItem","position":2,"name":"Dr B. Sarfati","item":"https:\/\/www.docteursarfati.com\/en\/dr-benjamin-sarfati\/"},{"@type":"ListItem","position":3,"name":"Congress presentations"}]},{"@type":"WebSite","@id":"https:\/\/www.docteursarfati.com\/#website","url":"https:\/\/www.docteursarfati.com\/","name":"Dr Sarfati","description":"Just another WordPress site","potentialAction":[{"@type":"SearchAction","target":{"@type":"EntryPoint","urlTemplate":"https:\/\/www.docteursarfati.com\/?s={search_term_string}"},"query-input":{"@type":"PropertyValueSpecification","valueRequired":true,"valueName":"search_term_string"}}],"inLanguage":"en-US"}]}},"_links":{"self":[{"href":"https:\/\/www.docteursarfati.com\/en\/wp-json\/wp\/v2\/pages\/4849","targetHints":{"allow":["GET"]}}],"collection":[{"href":"https:\/\/www.docteursarfati.com\/en\/wp-json\/wp\/v2\/pages"}],"about":[{"href":"https:\/\/www.docteursarfati.com\/en\/wp-json\/wp\/v2\/types\/page"}],"author":[{"embeddable":true,"href":"https:\/\/www.docteursarfati.com\/en\/wp-json\/wp\/v2\/users\/10"}],"replies":[{"embeddable":true,"href":"https:\/\/www.docteursarfati.com\/en\/wp-json\/wp\/v2\/comments?post=4849"}],"version-history":[{"count":0,"href":"https:\/\/www.docteursarfati.com\/en\/wp-json\/wp\/v2\/pages\/4849\/revisions"}],"up":[{"embeddable":true,"href":"https:\/\/www.docteursarfati.com\/en\/wp-json\/wp\/v2\/pages\/6712"}],"wp:attachment":[{"href":"https:\/\/www.docteursarfati.com\/en\/wp-json\/wp\/v2\/media?parent=4849"}],"curies":[{"name":"wp","href":"https:\/\/api.w.org\/{rel}","templated":true}]}}